{"id":611,"date":"2021-01-07T04:19:44","date_gmt":"2021-01-07T04:19:44","guid":{"rendered":"http:\/\/somllum.cat\/?page_id=611"},"modified":"2021-10-24T21:00:56","modified_gmt":"2021-10-24T19:00:56","slug":"research-and-development","status":"publish","type":"page","link":"https:\/\/somllum.cat\/?page_id=611","title":{"rendered":"PMF o FAQ&#8217;s"},"content":{"rendered":"\t\t<div data-elementor-type=\"wp-page\" data-elementor-id=\"611\" class=\"elementor elementor-611\">\n\t\t\t\t\t\t<section class=\"elementor-section elementor-top-section elementor-element elementor-element-296a723 elementor-section-content-middle elementor-section-boxed elementor-section-height-default elementor-section-height-default\" data-id=\"296a723\" data-element_type=\"section\" data-e-type=\"section\" data-settings=\"{&quot;background_background&quot;:&quot;classic&quot;}\">\n\t\t\t\t\t\t<div class=\"elementor-container elementor-column-gap-no\">\n\t\t\t\t\t<div class=\"elementor-column elementor-col-50 elementor-top-column elementor-element elementor-element-3e75f71\" data-id=\"3e75f71\" data-element_type=\"column\" data-e-type=\"column\">\n\t\t\t<div class=\"elementor-widget-wrap elementor-element-populated\">\n\t\t\t\t\t\t<div class=\"elementor-element elementor-element-3f809e5 elementor-widget elementor-widget-heading\" data-id=\"3f809e5\" data-element_type=\"widget\" data-e-type=\"widget\" data-widget_type=\"heading.default\">\n\t\t\t\t<div class=\"elementor-widget-container\">\n\t\t\t\t\t<h1 class=\"elementor-heading-title elementor-size-default\">Preguntes M\u00e9s Freq\u00fcents<\/h1>\t\t\t\t<\/div>\n\t\t\t\t<\/div>\n\t\t\t\t<div class=\"elementor-element elementor-element-298d973 elementor-widget elementor-widget-text-editor\" data-id=\"298d973\" data-element_type=\"widget\" data-e-type=\"widget\" data-widget_type=\"text-editor.default\">\n\t\t\t\t<div class=\"elementor-widget-container\">\n\t\t\t\t\t\t\t\t\t<p>\u00a0<\/p><main id=\"MainContent\" class=\"main-content js-focus-hidden\" tabindex=\"-1\" role=\"main\"><p>\u00a0<\/p><div class=\"page-width\"><div class=\"grid\"><div class=\"grid__item medium-up--five-sixths medium-up--push-one-twelfth\"><div class=\"section-header text-center\"><h1>FAQS<\/h1><\/div><div class=\"rte\"><p>Totes les peces de Som Llum estan realitzades de forma manual.<\/p><p>La mat\u00e8ria prima prov\u00e9 principalment de les platjes i boscos de Catalunya.\u00a0<\/p><p>Cada model \u00e9s revisat\u00a0 pr\u00e8viament de forma individual abans de la seva entrega per verificar al seu correcte funcionament.<\/p><p>Cada pe\u00e7a s&#8217;entrega de forma individual i protegida en el seu interior.<\/p><p>Les comandes es poden fer\u00a0 via web, Instagram,\u00a0 Whatsapp, o f\u00edsicament al taller.<\/p><p><strong>Confirmaci\u00f3 de comanda i forma d&#8217;entrega;<\/strong><\/p><div>Rebr\u00e0s un correu electr\u00f2nic amb la confirmaci\u00f3 de la comanda i de recollida en un per\u00edode de 2 o 3 dies h\u00e0bils.<\/div><div>\u00a0<\/div><p><strong>Pol\u00edtica d&#8217;enviament<\/strong><\/p><p>Un cop confirmat el pagament, l&#8217;entrega ser\u00e0 de 2 a 3 dies laborables per preparar la teva comanda.<\/p><p>Posteriorment s&#8217;enviar\u00e0 per missatgeria a l&#8217;adre\u00e7a que ens indiquis i es facilitar\u00e0 un n\u00famero de seguiment.<\/p><p>Companyia d&#8217;enviament ser\u00e0 Correus, i els terminis de lliurament seran de 3 a 4 dies (Espanya), les comandes en \u00e8poques de Nadal, ponts, ponts especials..<span class=\"hiddenGrammarError\">.poden<\/span>\u00a0patir retards en els temps de lliurament.<\/p><div>Els productes personalitzats, tenen un temps de creaci\u00f3 i es poden endarrerir en la seva elaboraci\u00f3 i enviament.<\/div><div>\u00a0<\/div><div><p><strong>Pol\u00edtica de reemborsament<\/strong><\/p><p>En ser productes exclusius i personalitzats no s&#8217;accepten devolucions, excepte la garantia de funcionament<\/p><\/div><p>\u00a0<\/p><p><strong>Qualsevol consulta, contacta&#8217;n&#8217;s a;<\/strong><\/p><div>info@somllum.cat<\/div><div>@somllum<\/div><div>606 437 555<\/div><\/div><\/div><\/div><\/div><\/main><div id=\"shopify-section-footer\" class=\"shopify-section\"><footer class=\"site-footer critical-hidden\" role=\"contentinfo\" data-section-id=\"footer\" data-section-type=\"footer-section\"><div class=\"page-width\"><div class=\"site-footer__content\"><div class=\"site-footer__item site-footer__item--one-quarter \"><div class=\"site-footer__item-inner site-footer__item-inner--link_list\"><p class=\"h4\">\u00a0<\/p><\/div><\/div><\/div><\/div><\/footer><\/div>\t\t\t\t\t\t\t\t<\/div>\n\t\t\t\t<\/div>\n\t\t\t\t\t<\/div>\n\t\t<\/div>\n\t\t\t\t<div class=\"elementor-column elementor-col-50 elementor-top-column elementor-element elementor-element-8fca9aa\" data-id=\"8fca9aa\" data-element_type=\"column\" data-e-type=\"column\">\n\t\t\t<div class=\"elementor-widget-wrap elementor-element-populated\">\n\t\t\t\t\t\t<div class=\"elementor-element elementor-element-e294ab2 elementor-widget elementor-widget-image\" data-id=\"e294ab2\" data-element_type=\"widget\" data-e-type=\"widget\" data-widget_type=\"image.default\">\n\t\t\t\t<div class=\"elementor-widget-container\">\n\t\t\t\t\t\t\t\t\t\t\t\t\t\t\t<img fetchpriority=\"high\" decoding=\"async\" width=\"898\" height=\"2048\" src=\"https:\/\/somllum.cat\/wp-content\/uploads\/2021\/10\/vertical-scaled.jpg\" class=\"attachment-full size-full wp-image-1176\" alt=\"\" srcset=\"https:\/\/somllum.cat\/wp-content\/uploads\/2021\/10\/vertical-scaled.jpg 898w, https:\/\/somllum.cat\/wp-content\/uploads\/2021\/10\/vertical-132x300.jpg 132w, https:\/\/somllum.cat\/wp-content\/uploads\/2021\/10\/vertical-449x1024.jpg 449w, https:\/\/somllum.cat\/wp-content\/uploads\/2021\/10\/vertical-768x1751.jpg 768w, https:\/\/somllum.cat\/wp-content\/uploads\/2021\/10\/vertical-674x1536.jpg 674w, https:\/\/somllum.cat\/wp-content\/uploads\/2021\/10\/vertical-1320x3010.jpg 1320w, https:\/\/somllum.cat\/wp-content\/uploads\/2021\/10\/vertical-600x1368.jpg 600w\" sizes=\"(max-width: 898px) 100vw, 898px\" \/>\t\t\t\t\t\t\t\t\t\t\t\t\t\t\t<\/div>\n\t\t\t\t<\/div>\n\t\t\t\t\t<\/div>\n\t\t<\/div>\n\t\t\t\t\t<\/div>\n\t\t<\/section>\n\t\t\t\t<section class=\"elementor-section elementor-top-section elementor-element elementor-element-590d628 elementor-reverse-tablet elementor-section-boxed elementor-section-height-default elementor-section-height-default\" data-id=\"590d628\" data-element_type=\"section\" data-e-type=\"section\" data-settings=\"{&quot;background_background&quot;:&quot;gradient&quot;}\">\n\t\t\t\t\t\t\t<div class=\"elementor-background-overlay\"><\/div>\n\t\t\t\t\t\t\t<div class=\"elementor-container elementor-column-gap-no\">\n\t\t\t\t\t<div class=\"elementor-column elementor-col-100 elementor-top-column elementor-element elementor-element-69ef8c2\" data-id=\"69ef8c2\" data-element_type=\"column\" data-e-type=\"column\" data-settings=\"{&quot;background_background&quot;:&quot;classic&quot;}\">\n\t\t\t<div class=\"elementor-widget-wrap elementor-element-populated\">\n\t\t\t\t\t\t<div class=\"elementor-element elementor-element-0411fe6 elementor-widget elementor-widget-image\" data-id=\"0411fe6\" data-element_type=\"widget\" data-e-type=\"widget\" data-widget_type=\"image.default\">\n\t\t\t\t<div class=\"elementor-widget-container\">\n\t\t\t\t\t\t\t\t\t\t\t\t\t\t\t<img decoding=\"async\" width=\"2048\" height=\"922\" src=\"https:\/\/somllum.cat\/wp-content\/uploads\/2021\/04\/20210105_202212-scaled-scaled.jpg\" class=\"attachment-full size-full wp-image-965\" alt=\"\" \/>\t\t\t\t\t\t\t\t\t\t\t\t\t\t\t<\/div>\n\t\t\t\t<\/div>\n\t\t\t\t\t<\/div>\n\t\t<\/div>\n\t\t\t\t\t<\/div>\n\t\t<\/section>\n\t\t\t\t<\/div>\n\t\t","protected":false},"excerpt":{"rendered":"<p>Preguntes M\u00e9s Freq\u00fcents \u00a0 \u00a0 FAQS Totes les peces de Som Llum estan realitzades de forma manual. La mat\u00e8ria prima prov\u00e9 principalment de les platjes i boscos de Catalunya.\u00a0 Cada model \u00e9s revisat\u00a0 pr\u00e8viament de forma individual abans de la seva entrega per verificar al seu correcte funcionament. Cada pe\u00e7a s&#8217;entrega de forma individual i &#8230; <a title=\"PMF o FAQ&#8217;s\" class=\"read-more\" href=\"https:\/\/somllum.cat\/?page_id=611\" aria-label=\"Leer m\u00e1s sobre PMF o FAQ&#8217;s\">Leer m\u00e1s<\/a><\/p>\n","protected":false},"author":1,"featured_media":0,"parent":0,"menu_order":0,"comment_status":"closed","ping_status":"closed","template":"","meta":{"_monsterinsights_skip_tracking":false,"_monsterinsights_sitenote_active":false,"_monsterinsights_sitenote_note":"","_monsterinsights_sitenote_category":0,"footnotes":""},"class_list":["post-611","page","type-page","status-publish"],"aioseo_notices":[],"jetpack_sharing_enabled":true,"_links":{"self":[{"href":"https:\/\/somllum.cat\/index.php?rest_route=\/wp\/v2\/pages\/611","targetHints":{"allow":["GET"]}}],"collection":[{"href":"https:\/\/somllum.cat\/index.php?rest_route=\/wp\/v2\/pages"}],"about":[{"href":"https:\/\/somllum.cat\/index.php?rest_route=\/wp\/v2\/types\/page"}],"author":[{"embeddable":true,"href":"https:\/\/somllum.cat\/index.php?rest_route=\/wp\/v2\/users\/1"}],"replies":[{"embeddable":true,"href":"https:\/\/somllum.cat\/index.php?rest_route=%2Fwp%2Fv2%2Fcomments&post=611"}],"version-history":[{"count":22,"href":"https:\/\/somllum.cat\/index.php?rest_route=\/wp\/v2\/pages\/611\/revisions"}],"predecessor-version":[{"id":1181,"href":"https:\/\/somllum.cat\/index.php?rest_route=\/wp\/v2\/pages\/611\/revisions\/1181"}],"wp:attachment":[{"href":"https:\/\/somllum.cat\/index.php?rest_route=%2Fwp%2Fv2%2Fmedia&parent=611"}],"curies":[{"name":"wp","href":"https:\/\/api.w.org\/{rel}","templated":true}]}}